{"id":34,"date":"2025-04-23T00:10:45","date_gmt":"2025-04-23T00:10:45","guid":{"rendered":"https:\/\/playmbet.click\/?page_id=34"},"modified":"2025-08-28T11:17:13","modified_gmt":"2025-08-28T11:17:13","slug":"trang-chu","status":"publish","type":"page","link":"https:\/\/www.playmbet.click\/","title":{"rendered":"Trang Ch\u1ee7"},"content":{"rendered":"\n\t\t<div class=\"bg-video-pc\">\n\t\t\t\t\n\n<video autoplay muted loop playsinline>\n  <source src=\"\/wp-content\/uploads\/2025\/08\/Red-Particle-Overlay-for-editing-.mp4\" type=\"video\/mp4\">\n<\/video>\n\t\t<\/div>\n\t\n\t\t<div class=\"bg-video-mobile\">\n\t\t\t\t\n\n<video autoplay muted loop playsinline>\n  <source src=\"\/wp-content\/uploads\/2025\/08\/R7112-Assets-LDP-MBET-MB.mp4\" type=\"video\/mp4\">\n<\/video>\n\t\t<\/div>\n\t\n\t<section class=\"section main-section\" id=\"section_1867868337\">\n\t\t<div class=\"bg section-bg fill bg-fill  bg-loaded\" >\n\n\t\t\t\n\t\t\t\n\t\t\t\n\n\t\t<\/div>\n\n\t\t\n\n\t\t<div class=\"section-content relative\">\n\t\t\t\n\n<div class=\"row row-collapse\"  id=\"row-865666722\">\n\n\n\t<div id=\"col-2053255983\" class=\"col main-column small-12 large-12\"  >\n\t\t\t\t<div class=\"col-inner\"  >\n\t\t\t\n\t\t\t\n\n\t<div id=\"stack-3826104745\" class=\"stack left-stack stack-col justify-center items-center\">\n\t\t\n\n\t<div class=\"img has-hover logo x md-x lg-x y md-y lg-y\" id=\"image_169541284\">\n\t\t\t\t\t\t\t\t<div class=\"img-inner dark\" >\n\t\t\t<img decoding=\"async\" src=\"https:\/\/www.playmbet.click\/wp-content\/uploads\/2025\/08\/logo.svg\" class=\"attachment-original size-original\" alt=\"\" \/>\t\t\t\t\t\t\n\t\t\t\t\t<\/div>\n\t\t\t\t\t\t\t\t\n<style>\n#image_169541284 {\n  width: 100%;\n}\n<\/style>\n\t<\/div>\n\t\n\n\t<div id=\"stack-3543591714\" class=\"stack stack-col justify-start items-center\">\n\t\t\n\n\t\t<div class=\"slider-pc\">\n\t\t\t\t\n\n<div class=\"slider-container\">\n    <div class=\"slide active\"><img decoding=\"async\" src=\"\/wp-content\/uploads\/2025\/08\/ads-3.svg\" alt=\"1\"><\/div>\n    <div class=\"slide next\"><img decoding=\"async\" src=\"\/wp-content\/uploads\/2025\/08\/ads-1.svg\" alt=\"2\"><\/div>\n    <div class=\"slide prev\"><img decoding=\"async\" src=\"\/wp-content\/uploads\/2025\/08\/ads-2.svg\" alt=\"3\"><\/div>\n  <\/div>\n\n  <script>\n     function initSlider(containerSelector) {\n    const container = document.querySelector(containerSelector);\n    if (!container) return;\n\n    const slides = container.querySelectorAll(\".slide\");\n    let current = 0;\n\n    function updateSlides() {\n      slides.forEach((slide) => (slide.className = \"slide\")); \/\/ reset\n\n      const total = slides.length;\n      const active = current % total;\n      const prev = (current - 1 + total) % total;\n      const next = (current + 1) % total;\n\n      slides[active].classList.add(\"active\");\n      slides[prev].classList.add(\"prev\");\n      slides[next].classList.add(\"next\");\n    }\n\n    setInterval(() => {\n      current = (current + 1) % slides.length;\n      updateSlides();\n    }, 4000);\n\n    updateSlides(); \/\/ initial run\n  }\n\n  document.addEventListener(\"DOMContentLoaded\", () => {\n    initSlider(\".slider-pc\");\n    initSlider(\".slider-mobile\");\n  });\n  <\/script>\n\t\t<\/div>\n\t\n\n\t\t\n<style>\n#stack-3543591714 > * {\n  --stack-gap: 0rem;\n}\n<\/style>\n\t<\/div>\n\t\n\n\t\t\n<style>\n#stack-3826104745 > * {\n  --stack-gap: 0rem;\n}\n<\/style>\n\t<\/div>\n\t\n\t<div class=\"img has-hover banner-mb x md-x lg-x y md-y lg-y\" id=\"image_1065150874\">\n\t\t\t\t\t\t\t\t<div class=\"img-inner dark\" >\n\t\t\t<img loading=\"lazy\" decoding=\"async\" width=\"1020\" height=\"527\" src=\"https:\/\/www.playmbet.click\/wp-content\/uploads\/2025\/08\/banner-mb-min.png\" class=\"attachment-large size-large\" alt=\"\" srcset=\"https:\/\/www.playmbet.click\/wp-content\/uploads\/2025\/08\/banner-mb-min.png 1021w, https:\/\/www.playmbet.click\/wp-content\/uploads\/2025\/08\/banner-mb-min-300x155.png 300w, https:\/\/www.playmbet.click\/wp-content\/uploads\/2025\/08\/banner-mb-min-768x397.png 768w\" sizes=\"auto, (max-width: 1020px) 100vw, 1020px\" \/>\t\t\t\t\t\t\n\t\t\t\t\t<\/div>\n\t\t\t\t\t\t\t\t\n<style>\n#image_1065150874 {\n  width: 100%;\n}\n<\/style>\n\t<\/div>\n\t\n\n<div class=\"form-layout\">\n    <div class=\"form-header\">\n        \t<div class=\"img has-hover form-logo x md-x lg-x y md-y lg-y\" id=\"image_619338738\">\n\t\t\t\t\t\t\t\t<div class=\"img-inner dark\" >\n\t\t\t<img decoding=\"async\" src=\"https:\/\/www.playmbet.click\/wp-content\/uploads\/2025\/08\/logo.svg\" class=\"attachment-original size-original\" alt=\"\" \/>\t\t\t\t\t\t\n\t\t\t\t\t<\/div>\n\t\t\t\t\t\t\t\t\n<style>\n#image_619338738 {\n  width: 100%;\n}\n<\/style>\n\t<\/div>\n\t\n\n\t<div class=\"img has-hover form-title x md-x lg-x y md-y lg-y\" id=\"image_1010787156\">\n\t\t\t\t\t\t\t\t<div class=\"img-inner dark\" >\n\t\t\t<img loading=\"lazy\" decoding=\"async\" width=\"430\" height=\"64\" src=\"https:\/\/www.playmbet.click\/wp-content\/uploads\/2025\/08\/Co-Phat-Tat-Tay.png\" class=\"attachment-original size-original\" alt=\"\" srcset=\"https:\/\/www.playmbet.click\/wp-content\/uploads\/2025\/08\/Co-Phat-Tat-Tay.png 430w, https:\/\/www.playmbet.click\/wp-content\/uploads\/2025\/08\/Co-Phat-Tat-Tay-300x45.png 300w\" sizes=\"auto, (max-width: 430px) 100vw, 430px\" \/>\t\t\t\t\t\t\n\t\t\t\t\t<\/div>\n\t\t\t\t\t\t\t\t\n<style>\n#image_1010787156 {\n  width: 100%;\n}\n<\/style>\n\t<\/div>\n\t    <\/div>\n    <form class=\"form-submit normal-form-submit toggle-mode\">\n        <div class=\"form-input-wrapper \">\n                            <label for=\"input-name452572\">T\u00ean \u0111\u0103ng nh\u1eadp<\/label>\n                        <div class=\"form-input form-input-user\">\n                <input type=\"text\" name=\"input-name\" placeholder=\"T\u00ean \u0111\u0103ng nh\u1eadp\" id=\"input-name452572\">\n            <\/div>\n            <p class=\"validate-user\"><\/p>\n        <\/div>\n        <div class=\"form-input-wrapper hidden-input\">\n                            <label for=\"input-pass452572\">M\u1eadt kh\u1ea9u<\/label>\n                        <div class=\"form-input form-input-pass\">\n                <input type=\"password\" name=\"input-pass\" placeholder=\"M\u1eadt kh\u1ea9u\" id=\"input-pass452572\">\n                <img decoding=\"async\" src=\"https:\/\/www.playmbet.click\/wp-content\/uploads\/2025\/08\/icon-eye.svg\" alt=\"icon form\" class=\"toggle-password\"\n                    data-show-pass=\"https:\/\/www.playmbet.click\/wp-content\/uploads\/2025\/08\/icon-eye-1.svg\" data-hide-pass=\"https:\/\/www.playmbet.click\/wp-content\/uploads\/2025\/08\/icon-eye.svg\">\n            <\/div>\n            <p class=\"validate-password\"><\/p>\n        <\/div>\n                            <div class=\"form-input-wrapper hidden-input\">\n                                    <label for=\"input-phone452572\">S\u1ed1 \u0111i\u1ec7n tho\u1ea1i<\/label>\n                                <div class=\"form-input form-input-phone\">\n                    <input type=\"tel\" name=\"input-phone\" placeholder=\"S\u1ed1 \u0111i\u1ec7n tho\u1ea1i\" pattern=\"[0-9]{10}\" inputmode=\"numeric\" maxlength=\"10\" id=\"input-phone452572\">\n                <\/div>\n                <p class=\"validate-phone\"><\/p>\n                <p class=\"error-message\"><\/p>\n            <\/div>\n                <div class=\"btn-hidden-input\">\n            \t<div class=\"img has-hover x md-x lg-x y md-y lg-y\" id=\"image_293317874\">\n\t\t\t\t\t\t\t\t<div class=\"img-inner dark\" >\n\t\t\t<img loading=\"lazy\" decoding=\"async\" width=\"913\" height=\"356\" src=\"https:\/\/www.playmbet.click\/wp-content\/uploads\/2025\/08\/btn-register.png\" class=\"attachment-original size-original\" alt=\"\" srcset=\"https:\/\/www.playmbet.click\/wp-content\/uploads\/2025\/08\/btn-register.png 913w, https:\/\/www.playmbet.click\/wp-content\/uploads\/2025\/08\/btn-register-300x117.png 300w, https:\/\/www.playmbet.click\/wp-content\/uploads\/2025\/08\/btn-register-768x299.png 768w\" sizes=\"auto, (max-width: 913px) 100vw, 913px\" \/>\t\t\t\t\t\t\n\t\t\t\t\t<\/div>\n\t\t\t\t\t\t\t\t\n<style>\n#image_293317874 {\n  width: 100%;\n}\n<\/style>\n\t<\/div>\n\t        <\/div>\n    <\/form>\n    <div class=\"form-footer\">\n            <\/div>\n<\/div>\n\n\n\n\t\t<\/div>\n\t\t\t\t\t<\/div>\n\n\t\n\n<\/div>\n\t<div id=\"stack-719813337\" class=\"stack stack-pc stack-row justify-start items-stretch\">\n\t\t\n\n\t<div class=\"img has-hover banner-center x md-x lg-x y md-y lg-y\" id=\"image_790936066\">\n\t\t\t\t\t\t\t\t<div class=\"img-inner dark\" >\n\t\t\t<img loading=\"lazy\" decoding=\"async\" width=\"1020\" height=\"580\" src=\"https:\/\/www.playmbet.click\/wp-content\/uploads\/2025\/08\/banner-c-pc-min-1024x582.png\" class=\"attachment-large size-large\" alt=\"\" srcset=\"https:\/\/www.playmbet.click\/wp-content\/uploads\/2025\/08\/banner-c-pc-min-1024x582.png 1024w, https:\/\/www.playmbet.click\/wp-content\/uploads\/2025\/08\/banner-c-pc-min-300x170.png 300w, https:\/\/www.playmbet.click\/wp-content\/uploads\/2025\/08\/banner-c-pc-min-768x436.png 768w, https:\/\/www.playmbet.click\/wp-content\/uploads\/2025\/08\/banner-c-pc-min.png 1431w\" sizes=\"auto, (max-width: 1020px) 100vw, 1020px\" \/>\t\t\t\t\t\t\n\t\t\t\t\t<\/div>\n\t\t\t\t\t\t\t\t\n<style>\n#image_790936066 {\n  width: 100%;\n}\n<\/style>\n\t<\/div>\n\t\n\n\t<div class=\"img has-hover banner-bottom x md-x lg-x y md-y lg-y\" id=\"image_54315134\">\n\t\t\t\t\t\t\t\t<div class=\"img-inner dark\" >\n\t\t\t<img loading=\"lazy\" decoding=\"async\" width=\"1020\" height=\"184\" src=\"https:\/\/www.playmbet.click\/wp-content\/uploads\/2025\/08\/bottom-pc-min-1024x185.png\" class=\"attachment-large size-large\" alt=\"\" srcset=\"https:\/\/www.playmbet.click\/wp-content\/uploads\/2025\/08\/bottom-pc-min-1024x185.png 1024w, https:\/\/www.playmbet.click\/wp-content\/uploads\/2025\/08\/bottom-pc-min-300x54.png 300w, https:\/\/www.playmbet.click\/wp-content\/uploads\/2025\/08\/bottom-pc-min-768x139.png 768w, https:\/\/www.playmbet.click\/wp-content\/uploads\/2025\/08\/bottom-pc-min-1536x278.png 1536w, https:\/\/www.playmbet.click\/wp-content\/uploads\/2025\/08\/bottom-pc-min.png 1728w\" sizes=\"auto, (max-width: 1020px) 100vw, 1020px\" \/>\t\t\t\t\t\t\n\t\t\t\t\t<\/div>\n\t\t\t\t\t\t\t\t\n<style>\n#image_54315134 {\n  width: 100%;\n}\n<\/style>\n\t<\/div>\n\t\n\n\t<div class=\"img has-hover bottom-mb x md-x lg-x y md-y lg-y\" id=\"image_396063694\">\n\t\t\t\t\t\t\t\t<div class=\"img-inner dark\" >\n\t\t\t<img loading=\"lazy\" decoding=\"async\" width=\"1020\" height=\"286\" src=\"https:\/\/www.playmbet.click\/wp-content\/uploads\/2025\/08\/mobi-wave-1-1024x287.png\" class=\"attachment-large size-large\" alt=\"\" srcset=\"https:\/\/www.playmbet.click\/wp-content\/uploads\/2025\/08\/mobi-wave-1-1024x287.png 1024w, https:\/\/www.playmbet.click\/wp-content\/uploads\/2025\/08\/mobi-wave-1-300x84.png 300w, https:\/\/www.playmbet.click\/wp-content\/uploads\/2025\/08\/mobi-wave-1-768x215.png 768w, https:\/\/www.playmbet.click\/wp-content\/uploads\/2025\/08\/mobi-wave-1.png 1179w\" sizes=\"auto, (max-width: 1020px) 100vw, 1020px\" \/>\t\t\t\t\t\t\n\t\t\t\t\t<\/div>\n\t\t\t\t\t\t\t\t\n<style>\n#image_396063694 {\n  width: 100%;\n}\n<\/style>\n\t<\/div>\n\t\n\n\t<div class=\"img has-hover bottom-t x md-x lg-x y md-y lg-y\" id=\"image_1090427143\">\n\t\t\t\t\t\t\t\t<div class=\"img-inner dark\" >\n\t\t\t<img loading=\"lazy\" decoding=\"async\" width=\"1020\" height=\"299\" src=\"https:\/\/www.playmbet.click\/wp-content\/uploads\/2025\/08\/bottom-t-1024x300.png\" class=\"attachment-large size-large\" alt=\"\" srcset=\"https:\/\/www.playmbet.click\/wp-content\/uploads\/2025\/08\/bottom-t-1024x300.png 1024w, https:\/\/www.playmbet.click\/wp-content\/uploads\/2025\/08\/bottom-t-300x88.png 300w, https:\/\/www.playmbet.click\/wp-content\/uploads\/2025\/08\/bottom-t-768x225.png 768w, https:\/\/www.playmbet.click\/wp-content\/uploads\/2025\/08\/bottom-t-1536x450.png 1536w, https:\/\/www.playmbet.click\/wp-content\/uploads\/2025\/08\/bottom-t.png 1700w\" sizes=\"auto, (max-width: 1020px) 100vw, 1020px\" \/>\t\t\t\t\t\t\n\t\t\t\t\t<\/div>\n\t\t\t\t\t\t\t\t\n<style>\n#image_1090427143 {\n  width: 100%;\n}\n<\/style>\n\t<\/div>\n\t\n\n\n\t\t\n<style>\n#stack-719813337 > * {\n  --stack-gap: 0rem;\n}\n<\/style>\n\t<\/div>\n\t\n\n\t\t<\/div>\n\n\t\t\n<style>\n#section_1867868337 {\n  padding-top: 0px;\n  padding-bottom: 0px;\n}\n<\/style>\n\t<\/section>\n\t\n\n","protected":false},"excerpt":{"rendered":"","protected":false},"author":1,"featured_media":0,"parent":0,"menu_order":0,"comment_status":"closed","ping_status":"closed","template":"","meta":{"footnotes":""},"class_list":["post-34","page","type-page","status-publish","hentry"],"_links":{"self":[{"href":"https:\/\/www.playmbet.click\/index.php?rest_route=\/wp\/v2\/pages\/34","targetHints":{"allow":["GET"]}}],"collection":[{"href":"https:\/\/www.playmbet.click\/index.php?rest_route=\/wp\/v2\/pages"}],"about":[{"href":"https:\/\/www.playmbet.click\/index.php?rest_route=\/wp\/v2\/types\/page"}],"author":[{"embeddable":true,"href":"https:\/\/www.playmbet.click\/index.php?rest_route=\/wp\/v2\/users\/1"}],"replies":[{"embeddable":true,"href":"https:\/\/www.playmbet.click\/index.php?rest_route=%2Fwp%2Fv2%2Fcomments&post=34"}],"version-history":[{"count":194,"href":"https:\/\/www.playmbet.click\/index.php?rest_route=\/wp\/v2\/pages\/34\/revisions"}],"predecessor-version":[{"id":1830,"href":"https:\/\/www.playmbet.click\/index.php?rest_route=\/wp\/v2\/pages\/34\/revisions\/1830"}],"wp:attachment":[{"href":"https:\/\/www.playmbet.click\/index.php?rest_route=%2Fwp%2Fv2%2Fmedia&parent=34"}],"curies":[{"name":"wp","href":"https:\/\/api.w.org\/{rel}","templated":true}]}}